{"id":57,"date":"2025-10-19T17:08:32","date_gmt":"2025-10-19T15:08:32","guid":{"rendered":"https:\/\/sn-works.be\/Joint-ta-pierre\/about\/"},"modified":"2025-10-19T17:08:45","modified_gmt":"2025-10-19T15:08:45","slug":"about","status":"publish","type":"page","link":"https:\/\/sn-works.be\/Joint-ta-pierre\/about\/","title":{"rendered":"About"},"content":{"rendered":"\n<div class=\"wp-block-uagb-container uagb-block-4e36697f alignfull uagb-is-root-container\">\n<div class=\"wp-block-uagb-container uagb-block-ec04fd42\">\n<div class=\"wp-block-uagb-advanced-heading uagb-block-15ded6fa\"><p class=\"uagb-desc-text\">\u00c0 propos<\/p><h1 class=\"uagb-heading-text\">D\u00e9couvrez Joint Ta Pierre<\/h1><\/div>\n<\/div>\n<\/div>\n\n\n\n<div class=\"wp-block-uagb-container uagb-block-f4818854 alignfull uagb-is-root-container\"><div class=\"uagb-container-inner-blocks-wrap\">\n<div class=\"wp-block-uagb-info-box uagb-block-b108e9ba uagb-infobox__content-wrap  uagb-infobox-icon-above-title uagb-infobox-image-valign-top wp-block-uagb-info-box--has-margin\"><div class=\"uagb-infobox-margin-wrapper\"><div class=\"uagb-ifb-content\"><div class=\"uagb-ifb-title-wrap\"><p class=\"uagb-ifb-title-prefix\">Notre histoire<\/p><h2 class=\"uagb-ifb-title\">Une expertise au service de la pierre<\/h2><\/div><p class=\"uagb-ifb-desc\">Joint Ta Pierre a su \u00e9tablir sa r\u00e9putation gr\u00e2ce \u00e0 des r\u00e9alisations exceptionnelles, alliant artisanat traditionnel et innovations modernes. Les clients t\u00e9moignent d&rsquo;une satisfaction maximale, soulignant la durabilit\u00e9 et l&rsquo;esth\u00e9tique de nos travaux en rejointoiement. Chaque projet v\u00e9hicule notre engagement envers la qualit\u00e9 et le d\u00e9tail.<\/p><\/div><\/div><\/div>\n\n\n\n<div class=\"wp-block-uagb-image aligncenter uagb-block-e9cae4cc wp-block-uagb-image--layout-default wp-block-uagb-image--effect-static wp-block-uagb-image--align-center\"><figure class=\"wp-block-uagb-image__figure\"><img srcset=\"https:\/\/sn-works.be\/Joint-ta-pierre\/wp-content\/uploads\/2025\/10\/IMG_20250616_075256-scaled.jpg ,https:\/\/sn-works.be\/Joint-ta-pierre\/wp-content\/uploads\/2025\/10\/IMG_20250616_075256-scaled.jpg 780w, https:\/\/multipurpose15.ziptemplates.top\/wp-content\/uploads\/2024\/05\/who-we-are-300x125.jpg 360w\" sizes=\"auto, (max-width: 480px) 150px\" alt=\"IMG 20250616 075256 Scaled\" class=\"uag-image-10 lws-optimize-lazyload\" width=\"1200\" height=\"500\" title=\"who-we-are\" loading=\"lazy\" role=\"img\" data-src=\"https:\/\/sn-works.be\/Joint-ta-pierre\/wp-content\/uploads\/2025\/10\/IMG_20250616_075256-scaled.jpg\"><\/figure><\/div>\n<\/div><\/div>\n\n\n\n<div class=\"wp-block-uagb-container uagb-layout-grid uagb-block-f9bbf560 alignfull uagb-is-root-container\"><div class=\"uagb-container-inner-blocks-wrap\">\n<div class=\"wp-block-uagb-info-box uagb-block-1ddf5a15 uagb-infobox__content-wrap  uagb-infobox-icon-above-title uagb-infobox-image-valign-top wp-block-uagb-info-box--has-margin\"><div class=\"uagb-infobox-margin-wrapper\"><div class=\"uagb-ifb-content\"><div class=\"uagb-ifb-title-wrap\"><p class=\"uagb-ifb-title-prefix\">Notre parcours<\/p><h2 class=\"uagb-ifb-title\">L&rsquo;histoire de Joint Ta Pierre<\/h2><\/div><p class=\"uagb-ifb-desc\">Fond\u00e9e en Belgique, Joint Ta Pierre est n\u00e9e de la passion pour le travail de la pierre et d&rsquo;un d\u00e9sir de redonner vie aux constructions anciennes. En combinant artisanat traditionnel et m\u00e9thodes modernes, l&rsquo;entreprise a rapidement gagn\u00e9 en notori\u00e9t\u00e9 sur le march\u00e9 du rejointoiement, devenant la r\u00e9f\u00e9rence en mati\u00e8re de fa\u00e7ades en brique et pierres reconstitu\u00e9es.<br><br>Depuis sa cr\u00e9ation, Joint Ta Pierre a su s&rsquo;imposer comme un acteur incontournable, gr\u00e2ce \u00e0 son expertise unique dans le secteur de la construction.<\/p><\/div><\/div><\/div>\n\n\n\n<div class=\"wp-block-uagb-image uagb-block-24faad0a wp-block-uagb-image--layout-default wp-block-uagb-image--effect-static wp-block-uagb-image--align-none\"><figure class=\"wp-block-uagb-image__figure\"><img srcset=\"https:\/\/sn-works.be\/Joint-ta-pierre\/wp-content\/uploads\/2025\/10\/IMG_20250711_103400-scaled.jpg ,https:\/\/sn-works.be\/Joint-ta-pierre\/wp-content\/uploads\/2025\/10\/IMG_20250711_103400-scaled.jpg 780w, https:\/\/sn-works.be\/Joint-ta-pierre\/wp-content\/uploads\/2025\/10\/IMG_20250711_103400-scaled.jpg 360w\" sizes=\"auto, (max-width: 480px) 150px\" alt=\"IMG 20250711 103400 Scaled\" class=\"uag-image-11 lws-optimize-lazyload\" width=\"552\" height=\"500\" title=\"our-story\" loading=\"lazy\" role=\"img\" data-src=\"https:\/\/sn-works.be\/Joint-ta-pierre\/wp-content\/uploads\/2025\/10\/IMG_20250711_103400-scaled.jpg\"><\/figure><\/div>\n<\/div><\/div>\n\n\n\n<div class=\"wp-block-uagb-container uagb-block-867bc3bb alignfull uagb-is-root-container\"><div class=\"uagb-container-inner-blocks-wrap\">\n<div class=\"wp-block-uagb-advanced-heading uagb-block-4dab6469\"><p class=\"uagb-desc-text\">Nos valeurs<\/p><h2 class=\"uagb-heading-text\">Mission et valeurs de l&rsquo;entreprise<\/h2><\/div>\n\n\n\n<div class=\"wp-block-uagb-container uagb-layout-flex uagb-block-7d38a392\">\n<div class=\"wp-block-uagb-container uagb-block-79d32f2a\">\n<div class=\"wp-block-uagb-info-box uagb-block-55b820fe uagb-infobox__content-wrap  uagb-infobox-icon-above-title uagb-infobox-image-valign-top wp-block-uagb-info-box--has-margin\"><div class=\"uagb-infobox-margin-wrapper\"><div class=\"uagb-ifb-content\"><div class=\"uagb-ifb-title-wrap\"><p class=\"uagb-ifb-title-prefix\">Notre mission<\/p><h3 class=\"uagb-ifb-title\">Notre mission<\/h3><\/div><p class=\"uagb-ifb-desc\">Chez Joint Ta Pierre, notre mission est de pr\u00e9server et embellir le patrimoine architectural en fournissant des services de rejointoiement de qualit\u00e9 sup\u00e9rieure. Nous nous engageons \u00e0 satisfaire nos clients en respectant les traditions tout en int\u00e9grant des techniques modernes.<\/p><\/div><\/div><\/div>\n<\/div>\n\n\n\n<div class=\"wp-block-uagb-container uagb-block-f677c036\">\n<div class=\"wp-block-uagb-info-box uagb-block-beeb6598 uagb-infobox__content-wrap  uagb-infobox-icon-above-title uagb-infobox-image-valign-top wp-block-uagb-info-box--has-margin\"><div class=\"uagb-infobox-margin-wrapper\"><div class=\"uagb-ifb-content\"><div class=\"uagb-ifb-title-wrap\"><p class=\"uagb-ifb-title-prefix\">Notre valeur<\/p><h3 class=\"uagb-ifb-title\">Nos valeurs<\/h3><\/div><p class=\"uagb-ifb-desc\">Nous valorisons l&rsquo;excellence, l&rsquo;int\u00e9grit\u00e9 et le respect du savoir-faire traditionnel. Notre engagement envers la qualit\u00e9 et l&rsquo;attention aux d\u00e9tails nous permet de livrer des projets qui non seulement r\u00e9pondent, mais d\u00e9passent les attentes de nos clients.<\/p><\/div><\/div><\/div>\n<\/div>\n<\/div>\n<\/div><\/div>\n\n\n\n<div class=\"wp-block-uagb-container uagb-block-d348107e alignfull uagb-is-root-container\"><div class=\"uagb-container-inner-blocks-wrap\">\n<div class=\"wp-block-uagb-container uagb-block-f9d50a0b\">\n<div class=\"wp-block-uagb-info-box uagb-block-5c295698 uagb-infobox__content-wrap  uagb-infobox-icon-above-title uagb-infobox-image-valign-top wp-block-uagb-info-box--has-margin\"><div class=\"uagb-infobox-margin-wrapper\"><div class=\"uagb-ifb-content\"><div class=\"uagb-ifb-title-wrap\"><h2 class=\"uagb-ifb-title\">Discutez de votre projet avec nous aujourd&rsquo;hui !<\/h2><\/div><p class=\"uagb-ifb-desc\">Nous sommes ici pour r\u00e9pondre \u00e0 toutes vos questions et commencer votre projet de r\u00e9novation.<\/p><div class=\"uagb-ifb-button-wrapper wp-block-button\"><a href=\"contact\/\" class=\"uagb-infobox-cta-link wp-block-button__link\" target=\"_self\" rel=\"noopener noreferrer\" onclick=\"return true;\" alt=\"\"><span class=\"uagb-inline-editing\">Contactez-nous<\/span><\/a><\/div><\/div><\/div><\/div>\n<\/div>\n<\/div><\/div>\n","protected":false},"excerpt":{"rendered":"<p>\u00c0 propos D\u00e9couvrez Joint Ta Pierre Nos valeurs Mission et valeurs de l&rsquo;entreprise<\/p>\n","protected":false},"author":1,"featured_media":0,"parent":0,"menu_order":0,"comment_status":"closed","ping_status":"closed","template":"","meta":{"_uag_custom_page_level_css":"","site-sidebar-layout":"default","site-content-layout":"","ast-site-content-layout":"default","site-content-style":"default","site-sidebar-style":"default","ast-global-header-display":"","ast-banner-title-visibility":"","ast-main-header-display":"","ast-hfb-above-header-display":"","ast-hfb-below-header-display":"","ast-hfb-mobile-header-display":"","site-post-title":"disabled","ast-breadcrumbs-content":"","ast-featured-img":"","footer-sml-layout":"","theme-transparent-header-meta":"","adv-header-id-meta":"","stick-header-meta":"","header-above-stick-meta":"","header-main-stick-meta":"","header-below-stick-meta":"","astra-migrate-meta-layouts":"default","ast-page-background-enabled":"default","ast-page-background-meta":{"desktop":{"background-color":"var(--ast-global-color-4)","background-image":"","background-repeat":"repeat","background-position":"center center","background-size":"auto","background-attachment":"scroll","background-type":"","background-media":"","overlay-type":"","overlay-color":"","overlay-opacity":"","overlay-gradient":""},"tablet":{"background-color":"","background-image":"","background-repeat":"repeat","background-position":"center center","background-size":"auto","background-attachment":"scroll","background-type":"","background-media":"","overlay-type":"","overlay-color":"","overlay-opacity":"","overlay-gradient":""},"mobile":{"background-color":"","background-image":"","background-repeat":"repeat","background-position":"center center","background-size":"auto","background-attachment":"scroll","background-type":"","background-media":"","overlay-type":"","overlay-color":"","overlay-opacity":"","overlay-gradient":""}},"ast-content-background-meta":{"desktop":{"background-color":"var(--ast-global-color-5)","background-image":"","background-repeat":"repeat","background-position":"center center","background-size":"auto","background-attachment":"scroll","background-type":"","background-media":"","overlay-type":"","overlay-color":"","overlay-opacity":"","overlay-gradient":""},"tablet":{"background-color":"var(--ast-global-color-5)","background-image":"","background-repeat":"repeat","background-position":"center center","background-size":"auto","background-attachment":"scroll","background-type":"","background-media":"","overlay-type":"","overlay-color":"","overlay-opacity":"","overlay-gradient":""},"mobile":{"background-color":"var(--ast-global-color-5)","background-image":"","background-repeat":"repeat","background-position":"center center","background-size":"auto","background-attachment":"scroll","background-type":"","background-media":"","overlay-type":"","overlay-color":"","overlay-opacity":"","overlay-gradient":""}},"footnotes":""},"class_list":["post-57","page","type-page","status-publish","hentry"],"uagb_featured_image_src":{"full":false,"thumbnail":false,"medium":false,"medium_large":false,"large":false,"1536x1536":false,"2048x2048":false},"uagb_author_info":{"display_name":"admin","author_link":"https:\/\/sn-works.be\/Joint-ta-pierre\/author\/admin\/"},"uagb_comment_info":0,"uagb_excerpt":"\u00c0 propos D\u00e9couvrez Joint Ta Pierre Nos valeurs Mission et valeurs de l&rsquo;entreprise","_links":{"self":[{"href":"https:\/\/sn-works.be\/Joint-ta-pierre\/wp-json\/wp\/v2\/pages\/57","targetHints":{"allow":["GET"]}}],"collection":[{"href":"https:\/\/sn-works.be\/Joint-ta-pierre\/wp-json\/wp\/v2\/pages"}],"about":[{"href":"https:\/\/sn-works.be\/Joint-ta-pierre\/wp-json\/wp\/v2\/types\/page"}],"author":[{"embeddable":true,"href":"https:\/\/sn-works.be\/Joint-ta-pierre\/wp-json\/wp\/v2\/users\/1"}],"replies":[{"embeddable":true,"href":"https:\/\/sn-works.be\/Joint-ta-pierre\/wp-json\/wp\/v2\/comments?post=57"}],"version-history":[{"count":2,"href":"https:\/\/sn-works.be\/Joint-ta-pierre\/wp-json\/wp\/v2\/pages\/57\/revisions"}],"predecessor-version":[{"id":1422,"href":"https:\/\/sn-works.be\/Joint-ta-pierre\/wp-json\/wp\/v2\/pages\/57\/revisions\/1422"}],"wp:attachment":[{"href":"https:\/\/sn-works.be\/Joint-ta-pierre\/wp-json\/wp\/v2\/media?parent=57"}],"curies":[{"name":"wp","href":"https:\/\/api.w.org\/{rel}","templated":true}]}}