{"id":59,"date":"2025-10-19T17:08:32","date_gmt":"2025-10-19T15:08:32","guid":{"rendered":"https:\/\/sn-works.be\/Joint-ta-pierre\/services\/"},"modified":"2025-10-19T17:08:45","modified_gmt":"2025-10-19T15:08:45","slug":"services","status":"publish","type":"page","link":"https:\/\/sn-works.be\/Joint-ta-pierre\/services\/","title":{"rendered":"Services"},"content":{"rendered":"\n<div class=\"wp-block-uagb-container uagb-block-4e36697f alignfull uagb-is-root-container\">\n<div class=\"wp-block-uagb-container uagb-block-ec04fd42\">\n<div class=\"wp-block-uagb-advanced-heading uagb-block-335240ed\"><p class=\"uagb-desc-text\">Nos Services<\/p><h1 class=\"uagb-heading-text\">Des solutions de rejointoiement exceptionnelles<\/h1><\/div>\n<\/div>\n<\/div>\n\n\n\n<div class=\"wp-block-uagb-container uagb-block-23f6ed74 alignfull uagb-is-root-container\"><div class=\"uagb-container-inner-blocks-wrap\">\n<div class=\"wp-block-uagb-container uagb-block-f8c884c5\">\n<div class=\"wp-block-uagb-container uagb-block-d025a10b\">\n<div class=\"wp-block-uagb-info-box uagb-block-612d8364 uagb-infobox__content-wrap  uagb-infobox-icon-above-title uagb-infobox-image-valign-top wp-block-uagb-info-box--has-margin\"><div class=\"uagb-infobox-margin-wrapper\"><div class=\"uagb-ifb-content\"><div class=\"uagb-ifb-title-wrap\"><p class=\"uagb-ifb-title-prefix\">01<\/p><h2 class=\"uagb-ifb-title\">Rejointoiement en pierre<\/h2><\/div><p class=\"uagb-ifb-desc\">Notre service de rejointoiement en pierre combine un savoir-faire artisanal avec des techniques modernes, garantissant durabilit\u00e9 et esth\u00e9tisme pour toutes vos structures en pierre.<\/p><\/div><\/div><\/div>\n<\/div>\n<\/div>\n\n\n\n<div class=\"wp-block-uagb-container uagb-block-6f376c07\">\n<div class=\"wp-block-uagb-container uagb-block-7b0600f2\">\n<div class=\"wp-block-uagb-info-box uagb-block-26088310 uagb-infobox__content-wrap  uagb-infobox-icon-above-title uagb-infobox-image-valign-top wp-block-uagb-info-box--has-margin\"><div class=\"uagb-infobox-margin-wrapper\"><div class=\"uagb-ifb-content\"><div class=\"uagb-ifb-title-wrap\"><p class=\"uagb-ifb-title-prefix\">02<\/p><h2 class=\"uagb-ifb-title\">Rejointoiement de fa\u00e7ades<\/h2><\/div><p class=\"uagb-ifb-desc\">Nous assurons un rejointoiement pr\u00e9cis de vos fa\u00e7ades en brique, am\u00e9liorant non seulement l&rsquo;esth\u00e9tisme mais aussi la r\u00e9sistance des murs face aux intemp\u00e9ries.<\/p><\/div><\/div><\/div>\n<\/div>\n<\/div>\n\n\n\n<div class=\"wp-block-uagb-container uagb-block-b0b4e2db\">\n<div class=\"wp-block-uagb-container uagb-block-f0522125\">\n<div class=\"wp-block-uagb-info-box uagb-block-dc197971 uagb-infobox__content-wrap  uagb-infobox-icon-above-title uagb-infobox-image-valign-top wp-block-uagb-info-box--has-margin\"><div class=\"uagb-infobox-margin-wrapper\"><div class=\"uagb-ifb-content\"><div class=\"uagb-ifb-title-wrap\"><p class=\"uagb-ifb-title-prefix\">03<\/p><h2 class=\"uagb-ifb-title\">Restaurations personnalis\u00e9es<\/h2><\/div><p class=\"uagb-ifb-desc\">Nos restaurations personnalis\u00e9es pr\u00e9servent l&rsquo;int\u00e9grit\u00e9 historique tout en modernisant les constructions, gr\u00e2ce \u00e0 une approche minutieuse et des mat\u00e9riaux de qualit\u00e9 sup\u00e9rieure.<\/p><\/div><\/div><\/div>\n<\/div>\n<\/div>\n\n\n\n<div class=\"wp-block-uagb-container uagb-block-9d478ad1\">\n<div class=\"wp-block-uagb-container uagb-block-46bcd362\">\n<div class=\"wp-block-uagb-info-box uagb-block-ad65af71 uagb-infobox__content-wrap  uagb-infobox-icon-above-title uagb-infobox-image-valign-top wp-block-uagb-info-box--has-margin\"><div class=\"uagb-infobox-margin-wrapper\"><div class=\"uagb-ifb-content\"><div class=\"uagb-ifb-title-wrap\"><p class=\"uagb-ifb-title-prefix\">04<\/p><h2 class=\"uagb-ifb-title\">Conseil et accompagnement<\/h2><\/div><p class=\"uagb-ifb-desc\">Offrant des services de conseil complets, nous accompagnons nos clients dans tous leurs projets de construction et de r\u00e9novation pour garantir leur satisfaction totale.<\/p><\/div><\/div><\/div>\n<\/div>\n<\/div>\n<\/div><\/div>\n\n\n\n<div class=\"wp-block-uagb-container uagb-block-d348107e alignfull uagb-is-root-container\"><div class=\"uagb-container-inner-blocks-wrap\">\n<div class=\"wp-block-uagb-container uagb-block-f9d50a0b\">\n<div class=\"wp-block-uagb-info-box uagb-block-5c295698 uagb-infobox__content-wrap  uagb-infobox-icon-above-title uagb-infobox-image-valign-top wp-block-uagb-info-box--has-margin\"><div class=\"uagb-infobox-margin-wrapper\"><div class=\"uagb-ifb-content\"><div class=\"uagb-ifb-title-wrap\"><h2 class=\"uagb-ifb-title\">Discutez de votre projet avec nous aujourd&rsquo;hui !<\/h2><\/div><p class=\"uagb-ifb-desc\">Nous sommes ici pour r\u00e9pondre \u00e0 toutes vos questions et commencer votre projet de r\u00e9novation.<\/p><div class=\"uagb-ifb-button-wrapper wp-block-button\"><a href=\"contact\/\" class=\"uagb-infobox-cta-link wp-block-button__link\" target=\"_self\" rel=\"noopener noreferrer\" onclick=\"return true;\" alt=\"\"><span class=\"uagb-inline-editing\">Contactez-nous<\/span><\/a><\/div><\/div><\/div><\/div>\n<\/div>\n<\/div><\/div>\n","protected":false},"excerpt":{"rendered":"<p>Nos Services Des solutions de rejointoiement exceptionnelles<\/p>\n","protected":false},"author":1,"featured_media":0,"parent":0,"menu_order":0,"comment_status":"closed","ping_status":"closed","template":"","meta":{"_uag_custom_page_level_css":"","site-sidebar-layout":"default","site-content-layout":"","ast-site-content-layout":"default","site-content-style":"default","site-sidebar-style":"default","ast-global-header-display":"","ast-banner-title-visibility":"","ast-main-header-display":"","ast-hfb-above-header-display":"","ast-hfb-below-header-display":"","ast-hfb-mobile-header-display":"","site-post-title":"disabled","ast-breadcrumbs-content":"","ast-featured-img":"","footer-sml-layout":"","theme-transparent-header-meta":"","adv-header-id-meta":"","stick-header-meta":"","header-above-stick-meta":"","header-main-stick-meta":"","header-below-stick-meta":"","astra-migrate-meta-layouts":"default","ast-page-background-enabled":"default","ast-page-background-meta":{"desktop":{"background-color":"var(--ast-global-color-4)","background-image":"","background-repeat":"repeat","background-position":"center center","background-size":"auto","background-attachment":"scroll","background-type":"","background-media":"","overlay-type":"","overlay-color":"","overlay-opacity":"","overlay-gradient":""},"tablet":{"background-color":"","background-image":"","background-repeat":"repeat","background-position":"center center","background-size":"auto","background-attachment":"scroll","background-type":"","background-media":"","overlay-type":"","overlay-color":"","overlay-opacity":"","overlay-gradient":""},"mobile":{"background-color":"","background-image":"","background-repeat":"repeat","background-position":"center center","background-size":"auto","background-attachment":"scroll","background-type":"","background-media":"","overlay-type":"","overlay-color":"","overlay-opacity":"","overlay-gradient":""}},"ast-content-background-meta":{"desktop":{"background-color":"var(--ast-global-color-5)","background-image":"","background-repeat":"repeat","background-position":"center center","background-size":"auto","background-attachment":"scroll","background-type":"","background-media":"","overlay-type":"","overlay-color":"","overlay-opacity":"","overlay-gradient":""},"tablet":{"background-color":"var(--ast-global-color-5)","background-image":"","background-repeat":"repeat","background-position":"center center","background-size":"auto","background-attachment":"scroll","background-type":"","background-media":"","overlay-type":"","overlay-color":"","overlay-opacity":"","overlay-gradient":""},"mobile":{"background-color":"var(--ast-global-color-5)","background-image":"","background-repeat":"repeat","background-position":"center center","background-size":"auto","background-attachment":"scroll","background-type":"","background-media":"","overlay-type":"","overlay-color":"","overlay-opacity":"","overlay-gradient":""}},"footnotes":""},"class_list":["post-59","page","type-page","status-publish","hentry"],"uagb_featured_image_src":{"full":false,"thumbnail":false,"medium":false,"medium_large":false,"large":false,"1536x1536":false,"2048x2048":false},"uagb_author_info":{"display_name":"admin","author_link":"https:\/\/sn-works.be\/Joint-ta-pierre\/author\/admin\/"},"uagb_comment_info":0,"uagb_excerpt":"Nos Services Des solutions de rejointoiement exceptionnelles","_links":{"self":[{"href":"https:\/\/sn-works.be\/Joint-ta-pierre\/wp-json\/wp\/v2\/pages\/59","targetHints":{"allow":["GET"]}}],"collection":[{"href":"https:\/\/sn-works.be\/Joint-ta-pierre\/wp-json\/wp\/v2\/pages"}],"about":[{"href":"https:\/\/sn-works.be\/Joint-ta-pierre\/wp-json\/wp\/v2\/types\/page"}],"author":[{"embeddable":true,"href":"https:\/\/sn-works.be\/Joint-ta-pierre\/wp-json\/wp\/v2\/users\/1"}],"replies":[{"embeddable":true,"href":"https:\/\/sn-works.be\/Joint-ta-pierre\/wp-json\/wp\/v2\/comments?post=59"}],"version-history":[{"count":2,"href":"https:\/\/sn-works.be\/Joint-ta-pierre\/wp-json\/wp\/v2\/pages\/59\/revisions"}],"predecessor-version":[{"id":1421,"href":"https:\/\/sn-works.be\/Joint-ta-pierre\/wp-json\/wp\/v2\/pages\/59\/revisions\/1421"}],"wp:attachment":[{"href":"https:\/\/sn-works.be\/Joint-ta-pierre\/wp-json\/wp\/v2\/media?parent=59"}],"curies":[{"name":"wp","href":"https:\/\/api.w.org\/{rel}","templated":true}]}}